{"id":383,"date":"2023-12-05T13:57:02","date_gmt":"2023-12-05T12:57:02","guid":{"rendered":"https:\/\/mediacjekrakow.com\/?page_id=383"},"modified":"2025-11-08T13:09:14","modified_gmt":"2025-11-08T12:09:14","slug":"el-transcurso-de-la-mediacion","status":"publish","type":"page","link":"https:\/\/mediacjekrakow.com\/es\/el-transcurso-de-la-mediacion\/","title":{"rendered":"El transcurso de la mediaci\u00f3n"},"content":{"rendered":"","protected":false},"excerpt":{"rendered":"","protected":false},"author":2,"featured_media":0,"parent":0,"menu_order":0,"comment_status":"open","ping_status":"closed","template":"","meta":{"footnotes":""},"class_list":["post-383","page","type-page","status-publish","hentry"],"yoast_head":"<!-- This site is optimized with the Yoast SEO plugin v27.4 - https:\/\/yoast.com\/product\/yoast-seo-wordpress\/ -->\n<title>El transcurso de la mediaci\u00f3n - Mediador amistoso<\/title>\n<meta name=\"description\" content=\"Una buena preparaci\u00f3n para la mediaci\u00f3n es la clave del \u00e9xito. Vale la pena iniciar la mediaci\u00f3n si queremos dialogar y llegar a un acuerdo.\" \/>\n<meta name=\"robots\" content=\"index, follow, max-snippet:-1, max-image-preview:large, max-video-preview:-1\" \/>\n<link rel=\"canonical\" href=\"https:\/\/mediacjekrakow.com\/es\/el-transcurso-de-la-mediacion\/\" \/>\n<meta property=\"og:locale\" content=\"es_ES\" \/>\n<meta property=\"og:type\" content=\"article\" \/>\n<meta property=\"og:title\" content=\"El transcurso de la mediaci\u00f3n - Mediador amistoso\" \/>\n<meta property=\"og:description\" content=\"Una buena preparaci\u00f3n para la mediaci\u00f3n es la clave del \u00e9xito. Vale la pena iniciar la mediaci\u00f3n si queremos dialogar y llegar a un acuerdo.\" \/>\n<meta property=\"og:url\" content=\"https:\/\/mediacjekrakow.com\/es\/el-transcurso-de-la-mediacion\/\" \/>\n<meta property=\"og:site_name\" content=\"Mediador amistoso\" \/>\n<meta property=\"article:modified_time\" content=\"2025-11-08T12:09:14+00:00\" \/>\n<meta property=\"og:image\" content=\"https:\/\/mediacjekrakow.com\/wp-content\/uploads\/2023\/12\/przyjazny-mediator-social.jpg\" \/>\n\t<meta property=\"og:image:width\" content=\"1200\" \/>\n\t<meta property=\"og:image:height\" content=\"628\" \/>\n\t<meta property=\"og:image:type\" content=\"image\/jpeg\" \/>\n<meta name=\"twitter:card\" content=\"summary_large_image\" \/>\n<script type=\"application\/ld+json\" class=\"yoast-schema-graph\">{\"@context\":\"https:\\\/\\\/schema.org\",\"@graph\":[{\"@type\":\"WebPage\",\"@id\":\"https:\\\/\\\/mediacjekrakow.com\\\/es\\\/el-transcurso-de-la-mediacion\\\/\",\"url\":\"https:\\\/\\\/mediacjekrakow.com\\\/es\\\/el-transcurso-de-la-mediacion\\\/\",\"name\":\"El transcurso de la mediaci\u00f3n - Mediador amistoso\",\"isPartOf\":{\"@id\":\"https:\\\/\\\/mediacjekrakow.com\\\/es\\\/#website\"},\"datePublished\":\"2023-12-05T12:57:02+00:00\",\"dateModified\":\"2025-11-08T12:09:14+00:00\",\"description\":\"Una buena preparaci\u00f3n para la mediaci\u00f3n es la clave del \u00e9xito. Vale la pena iniciar la mediaci\u00f3n si queremos dialogar y llegar a un acuerdo.\",\"breadcrumb\":{\"@id\":\"https:\\\/\\\/mediacjekrakow.com\\\/es\\\/el-transcurso-de-la-mediacion\\\/#breadcrumb\"},\"inLanguage\":\"es\",\"potentialAction\":[{\"@type\":\"ReadAction\",\"target\":[\"https:\\\/\\\/mediacjekrakow.com\\\/es\\\/el-transcurso-de-la-mediacion\\\/\"]}]},{\"@type\":\"BreadcrumbList\",\"@id\":\"https:\\\/\\\/mediacjekrakow.com\\\/es\\\/el-transcurso-de-la-mediacion\\\/#breadcrumb\",\"itemListElement\":[{\"@type\":\"ListItem\",\"position\":1,\"name\":\"Strona g\u0142\u00f3wna\",\"item\":\"https:\\\/\\\/mediacjekrakow.com\\\/es\\\/\"},{\"@type\":\"ListItem\",\"position\":2,\"name\":\"El transcurso de la mediaci\u00f3n\"}]},{\"@type\":\"WebSite\",\"@id\":\"https:\\\/\\\/mediacjekrakow.com\\\/es\\\/#website\",\"url\":\"https:\\\/\\\/mediacjekrakow.com\\\/es\\\/\",\"name\":\"Mediador amistoso\",\"description\":\"reparo relaciones profesionalmente\",\"potentialAction\":[{\"@type\":\"SearchAction\",\"target\":{\"@type\":\"EntryPoint\",\"urlTemplate\":\"https:\\\/\\\/mediacjekrakow.com\\\/es\\\/?s={search_term_string}\"},\"query-input\":{\"@type\":\"PropertyValueSpecification\",\"valueRequired\":true,\"valueName\":\"search_term_string\"}}],\"inLanguage\":\"es\"}]}<\/script>\n<!-- \/ Yoast SEO plugin. -->","yoast_head_json":{"title":"El transcurso de la mediaci\u00f3n - Mediador amistoso","description":"Una buena preparaci\u00f3n para la mediaci\u00f3n es la clave del \u00e9xito. Vale la pena iniciar la mediaci\u00f3n si queremos dialogar y llegar a un acuerdo.","robots":{"index":"index","follow":"follow","max-snippet":"max-snippet:-1","max-image-preview":"max-image-preview:large","max-video-preview":"max-video-preview:-1"},"canonical":"https:\/\/mediacjekrakow.com\/es\/el-transcurso-de-la-mediacion\/","og_locale":"es_ES","og_type":"article","og_title":"El transcurso de la mediaci\u00f3n - Mediador amistoso","og_description":"Una buena preparaci\u00f3n para la mediaci\u00f3n es la clave del \u00e9xito. Vale la pena iniciar la mediaci\u00f3n si queremos dialogar y llegar a un acuerdo.","og_url":"https:\/\/mediacjekrakow.com\/es\/el-transcurso-de-la-mediacion\/","og_site_name":"Mediador amistoso","article_modified_time":"2025-11-08T12:09:14+00:00","og_image":[{"width":1200,"height":628,"url":"https:\/\/mediacjekrakow.com\/wp-content\/uploads\/2023\/12\/przyjazny-mediator-social.jpg","type":"image\/jpeg"}],"twitter_card":"summary_large_image","schema":{"@context":"https:\/\/schema.org","@graph":[{"@type":"WebPage","@id":"https:\/\/mediacjekrakow.com\/es\/el-transcurso-de-la-mediacion\/","url":"https:\/\/mediacjekrakow.com\/es\/el-transcurso-de-la-mediacion\/","name":"El transcurso de la mediaci\u00f3n - Mediador amistoso","isPartOf":{"@id":"https:\/\/mediacjekrakow.com\/es\/#website"},"datePublished":"2023-12-05T12:57:02+00:00","dateModified":"2025-11-08T12:09:14+00:00","description":"Una buena preparaci\u00f3n para la mediaci\u00f3n es la clave del \u00e9xito. Vale la pena iniciar la mediaci\u00f3n si queremos dialogar y llegar a un acuerdo.","breadcrumb":{"@id":"https:\/\/mediacjekrakow.com\/es\/el-transcurso-de-la-mediacion\/#breadcrumb"},"inLanguage":"es","potentialAction":[{"@type":"ReadAction","target":["https:\/\/mediacjekrakow.com\/es\/el-transcurso-de-la-mediacion\/"]}]},{"@type":"BreadcrumbList","@id":"https:\/\/mediacjekrakow.com\/es\/el-transcurso-de-la-mediacion\/#breadcrumb","itemListElement":[{"@type":"ListItem","position":1,"name":"Strona g\u0142\u00f3wna","item":"https:\/\/mediacjekrakow.com\/es\/"},{"@type":"ListItem","position":2,"name":"El transcurso de la mediaci\u00f3n"}]},{"@type":"WebSite","@id":"https:\/\/mediacjekrakow.com\/es\/#website","url":"https:\/\/mediacjekrakow.com\/es\/","name":"Mediador amistoso","description":"reparo relaciones profesionalmente","potentialAction":[{"@type":"SearchAction","target":{"@type":"EntryPoint","urlTemplate":"https:\/\/mediacjekrakow.com\/es\/?s={search_term_string}"},"query-input":{"@type":"PropertyValueSpecification","valueRequired":true,"valueName":"search_term_string"}}],"inLanguage":"es"}]}},"_links":{"self":[{"href":"https:\/\/mediacjekrakow.com\/es\/wp-json\/wp\/v2\/pages\/383","targetHints":{"allow":["GET"]}}],"collection":[{"href":"https:\/\/mediacjekrakow.com\/es\/wp-json\/wp\/v2\/pages"}],"about":[{"href":"https:\/\/mediacjekrakow.com\/es\/wp-json\/wp\/v2\/types\/page"}],"author":[{"embeddable":true,"href":"https:\/\/mediacjekrakow.com\/es\/wp-json\/wp\/v2\/users\/2"}],"replies":[{"embeddable":true,"href":"https:\/\/mediacjekrakow.com\/es\/wp-json\/wp\/v2\/comments?post=383"}],"version-history":[{"count":1,"href":"https:\/\/mediacjekrakow.com\/es\/wp-json\/wp\/v2\/pages\/383\/revisions"}],"predecessor-version":[{"id":501,"href":"https:\/\/mediacjekrakow.com\/es\/wp-json\/wp\/v2\/pages\/383\/revisions\/501"}],"wp:attachment":[{"href":"https:\/\/mediacjekrakow.com\/es\/wp-json\/wp\/v2\/media?parent=383"}],"curies":[{"name":"wp","href":"https:\/\/api.w.org\/{rel}","templated":true}]}}